{"id":30,"date":"2019-12-19T16:53:12","date_gmt":"2019-12-19T16:53:12","guid":{"rendered":"http:\/\/languth-erdbau.de\/?page_id=30"},"modified":"2025-02-09T16:32:48","modified_gmt":"2025-02-09T16:32:48","slug":"wir-uebernehmen","status":"publish","type":"page","link":"http:\/\/languth-erdbau.de\/?page_id=30","title":{"rendered":"Unsere Leistungen f\u00fcr Ihr Bauvorhaben:"},"content":{"rendered":"\n<p><\/p>\n\n\n\n<div class=\"wp-block-media-text has-media-on-the-right is-stacked-on-mobile is-vertically-aligned-center\"><div class=\"wp-block-media-text__content\">\n<p>Aushub von Baugruben inklusive Entsorgung des \u00fcbersch\u00fcssigen Bodens<\/p>\n<\/div><figure class=\"wp-block-media-text__media\"><img loading=\"lazy\" decoding=\"async\" width=\"1024\" height=\"768\" src=\"http:\/\/languth-erdbau.de\/wp-content\/uploads\/2020\/02\/IMG-20170921-WA0026-1024x768.jpg\" alt=\"\" class=\"wp-image-166 size-full\" srcset=\"http:\/\/languth-erdbau.de\/wp-content\/uploads\/2020\/02\/IMG-20170921-WA0026-1024x768.jpg 1024w, http:\/\/languth-erdbau.de\/wp-content\/uploads\/2020\/02\/IMG-20170921-WA0026-300x225.jpg 300w, http:\/\/languth-erdbau.de\/wp-content\/uploads\/2020\/02\/IMG-20170921-WA0026-768x576.jpg 768w, http:\/\/languth-erdbau.de\/wp-content\/uploads\/2020\/02\/IMG-20170921-WA0026.jpg 1280w\" sizes=\"auto, (max-width: 767px) 89vw, (max-width: 1000px) 54vw, (max-width: 1071px) 543px, 580px\" \/><\/figure><\/div>\n\n\n\n<p><\/p>\n\n\n\n<div class=\"wp-block-media-text is-stacked-on-mobile\"><figure class=\"wp-block-media-text__media\"><img loading=\"lazy\" decoding=\"async\" width=\"500\" height=\"282\" src=\"http:\/\/languth-erdbau.de\/wp-content\/uploads\/2020\/02\/2019-11-14-16.04.37.jpg\" alt=\"\" class=\"wp-image-377 size-full\" srcset=\"http:\/\/languth-erdbau.de\/wp-content\/uploads\/2020\/02\/2019-11-14-16.04.37.jpg 500w, http:\/\/languth-erdbau.de\/wp-content\/uploads\/2020\/02\/2019-11-14-16.04.37-300x169.jpg 300w\" sizes=\"auto, (max-width: 500px) 100vw, 500px\" \/><\/figure><div class=\"wp-block-media-text__content\">\n<p>Gr\u00fcndungsarbeiten f\u00fcr Wohn- und Gesch\u00e4ftsh\u00e4user, sowie Industriebauten<\/p>\n<\/div><\/div>\n\n\n\n<p><\/p>\n\n\n\n<div class=\"wp-block-media-text has-media-on-the-right is-stacked-on-mobile\"><div class=\"wp-block-media-text__content\">\n<p>Schmutz- und Regenwasseranlagen<\/p>\n<\/div><figure class=\"wp-block-media-text__media\"><img loading=\"lazy\" decoding=\"async\" width=\"1024\" height=\"576\" src=\"http:\/\/languth-erdbau.de\/wp-content\/uploads\/2020\/02\/IMG-20191025-WA0021-1024x576.jpg\" alt=\"\" class=\"wp-image-349 size-full\" srcset=\"http:\/\/languth-erdbau.de\/wp-content\/uploads\/2020\/02\/IMG-20191025-WA0021-1024x576.jpg 1024w, http:\/\/languth-erdbau.de\/wp-content\/uploads\/2020\/02\/IMG-20191025-WA0021-300x169.jpg 300w, http:\/\/languth-erdbau.de\/wp-content\/uploads\/2020\/02\/IMG-20191025-WA0021-768x432.jpg 768w, http:\/\/languth-erdbau.de\/wp-content\/uploads\/2020\/02\/IMG-20191025-WA0021-1536x864.jpg 1536w, http:\/\/languth-erdbau.de\/wp-content\/uploads\/2020\/02\/IMG-20191025-WA0021.jpg 1600w\" sizes=\"auto, (max-width: 767px) 89vw, (max-width: 1000px) 54vw, (max-width: 1071px) 543px, 580px\" \/><\/figure><\/div>\n\n\n\n<p><\/p>\n\n\n\n<div class=\"wp-block-media-text is-stacked-on-mobile\"><figure class=\"wp-block-media-text__media\"><img loading=\"lazy\" decoding=\"async\" width=\"576\" height=\"1024\" src=\"http:\/\/languth-erdbau.de\/wp-content\/uploads\/2025\/02\/IMG-20240828-WA0007-576x1024.jpg\" alt=\"\" class=\"wp-image-628 size-full\" srcset=\"http:\/\/languth-erdbau.de\/wp-content\/uploads\/2025\/02\/IMG-20240828-WA0007-576x1024.jpg 576w, http:\/\/languth-erdbau.de\/wp-content\/uploads\/2025\/02\/IMG-20240828-WA0007-169x300.jpg 169w, http:\/\/languth-erdbau.de\/wp-content\/uploads\/2025\/02\/IMG-20240828-WA0007-768x1365.jpg 768w, http:\/\/languth-erdbau.de\/wp-content\/uploads\/2025\/02\/IMG-20240828-WA0007-864x1536.jpg 864w, http:\/\/languth-erdbau.de\/wp-content\/uploads\/2025\/02\/IMG-20240828-WA0007.jpg 1080w\" sizes=\"auto, (max-width: 576px) 100vw, 576px\" \/><\/figure><div class=\"wp-block-media-text__content\">\n<p>Regenwasserversickerungsanlagen und Zisternen<\/p>\n<\/div><\/div>\n\n\n\n<p><\/p>\n\n\n\n<div class=\"wp-block-media-text has-media-on-the-right is-stacked-on-mobile\"><div class=\"wp-block-media-text__content\">\n<p>Planierarbeiten<\/p>\n<\/div><figure class=\"wp-block-media-text__media\"><img loading=\"lazy\" decoding=\"async\" width=\"1024\" height=\"1019\" src=\"http:\/\/languth-erdbau.de\/wp-content\/uploads\/2019\/12\/2019-10-03-12.50.32-2146475427640879172_5356051113-1024x1019.jpg\" alt=\"\" class=\"wp-image-63 size-full\" srcset=\"http:\/\/languth-erdbau.de\/wp-content\/uploads\/2019\/12\/2019-10-03-12.50.32-2146475427640879172_5356051113-1024x1019.jpg 1024w, http:\/\/languth-erdbau.de\/wp-content\/uploads\/2019\/12\/2019-10-03-12.50.32-2146475427640879172_5356051113-300x300.jpg 300w, http:\/\/languth-erdbau.de\/wp-content\/uploads\/2019\/12\/2019-10-03-12.50.32-2146475427640879172_5356051113-150x150.jpg 150w, http:\/\/languth-erdbau.de\/wp-content\/uploads\/2019\/12\/2019-10-03-12.50.32-2146475427640879172_5356051113-768x764.jpg 768w, http:\/\/languth-erdbau.de\/wp-content\/uploads\/2019\/12\/2019-10-03-12.50.32-2146475427640879172_5356051113-100x100.jpg 100w, http:\/\/languth-erdbau.de\/wp-content\/uploads\/2019\/12\/2019-10-03-12.50.32-2146475427640879172_5356051113.jpg 1080w\" sizes=\"auto, (max-width: 767px) 89vw, (max-width: 1000px) 54vw, (max-width: 1071px) 543px, 580px\" \/><\/figure><\/div>\n\n\n\n<p><\/p>\n\n\n\n<div class=\"wp-block-media-text is-stacked-on-mobile\"><figure class=\"wp-block-media-text__media\"><img loading=\"lazy\" decoding=\"async\" width=\"1024\" height=\"576\" src=\"http:\/\/languth-erdbau.de\/wp-content\/uploads\/2020\/02\/IMG-20171117-WA0006-1024x576.jpg\" alt=\"\" class=\"wp-image-211 size-full\" srcset=\"http:\/\/languth-erdbau.de\/wp-content\/uploads\/2020\/02\/IMG-20171117-WA0006-1024x576.jpg 1024w, http:\/\/languth-erdbau.de\/wp-content\/uploads\/2020\/02\/IMG-20171117-WA0006-300x169.jpg 300w, http:\/\/languth-erdbau.de\/wp-content\/uploads\/2020\/02\/IMG-20171117-WA0006-768x432.jpg 768w, http:\/\/languth-erdbau.de\/wp-content\/uploads\/2020\/02\/IMG-20171117-WA0006.jpg 1280w\" sizes=\"auto, (max-width: 767px) 89vw, (max-width: 1000px) 54vw, (max-width: 1071px) 543px, 580px\" \/><\/figure><div class=\"wp-block-media-text__content\">\n<p>F\u00e4ll- und Rodungsarbeiten<\/p>\n<\/div><\/div>\n\n\n\n<p><\/p>\n\n\n\n<div class=\"wp-block-media-text has-media-on-the-right is-stacked-on-mobile\"><div class=\"wp-block-media-text__content\">\n<p>Aushub von Biotopen f\u00fcr Naturschutzprojekte<\/p>\n<\/div><figure class=\"wp-block-media-text__media\"><img loading=\"lazy\" decoding=\"async\" width=\"1024\" height=\"768\" src=\"http:\/\/languth-erdbau.de\/wp-content\/uploads\/2025\/02\/IMG-20210723-WA0002-1024x768.jpg\" alt=\"\" class=\"wp-image-629 size-full\" srcset=\"http:\/\/languth-erdbau.de\/wp-content\/uploads\/2025\/02\/IMG-20210723-WA0002-1024x768.jpg 1024w, http:\/\/languth-erdbau.de\/wp-content\/uploads\/2025\/02\/IMG-20210723-WA0002-300x225.jpg 300w, http:\/\/languth-erdbau.de\/wp-content\/uploads\/2025\/02\/IMG-20210723-WA0002-768x576.jpg 768w, http:\/\/languth-erdbau.de\/wp-content\/uploads\/2025\/02\/IMG-20210723-WA0002-1536x1152.jpg 1536w, http:\/\/languth-erdbau.de\/wp-content\/uploads\/2025\/02\/IMG-20210723-WA0002.jpg 2016w\" sizes=\"auto, (max-width: 767px) 89vw, (max-width: 1000px) 54vw, (max-width: 1071px) 543px, 580px\" \/><\/figure><\/div>\n","protected":false},"excerpt":{"rendered":"<p>Aushub von Baugruben inklusive Entsorgung des \u00fcbersch\u00fcssigen Bodens Gr\u00fcndungsarbeiten f\u00fcr Wohn- und Gesch\u00e4ftsh\u00e4user, sowie Industriebauten Schmutz- und Regenwasseranlagen Regenwasserversickerungsanlagen und Zisternen Planierarbeiten F\u00e4ll- und Rodungsarbeiten Aushub von Biotopen f\u00fcr Naturschutzprojekte<\/p>\n","protected":false},"author":1,"featured_media":0,"parent":0,"menu_order":0,"comment_status":"closed","ping_status":"closed","template":"","meta":{"footnotes":""},"class_list":["post-30","page","type-page","status-publish","hentry"],"_links":{"self":[{"href":"http:\/\/languth-erdbau.de\/index.php?rest_route=\/wp\/v2\/pages\/30","targetHints":{"allow":["GET"]}}],"collection":[{"href":"http:\/\/languth-erdbau.de\/index.php?rest_route=\/wp\/v2\/pages"}],"about":[{"href":"http:\/\/languth-erdbau.de\/index.php?rest_route=\/wp\/v2\/types\/page"}],"author":[{"embeddable":true,"href":"http:\/\/languth-erdbau.de\/index.php?rest_route=\/wp\/v2\/users\/1"}],"replies":[{"embeddable":true,"href":"http:\/\/languth-erdbau.de\/index.php?rest_route=%2Fwp%2Fv2%2Fcomments&post=30"}],"version-history":[{"count":4,"href":"http:\/\/languth-erdbau.de\/index.php?rest_route=\/wp\/v2\/pages\/30\/revisions"}],"predecessor-version":[{"id":630,"href":"http:\/\/languth-erdbau.de\/index.php?rest_route=\/wp\/v2\/pages\/30\/revisions\/630"}],"wp:attachment":[{"href":"http:\/\/languth-erdbau.de\/index.php?rest_route=%2Fwp%2Fv2%2Fmedia&parent=30"}],"curies":[{"name":"wp","href":"https:\/\/api.w.org\/{rel}","templated":true}]}}